{"id":2938,"date":"2023-08-03T00:05:35","date_gmt":"2023-08-02T22:05:35","guid":{"rendered":"https:\/\/zensy.io\/?page_id=2938"},"modified":"2023-08-03T00:08:06","modified_gmt":"2023-08-02T22:08:06","slug":"faq","status":"publish","type":"page","link":"https:\/\/zensy.io\/nb\/faq\/","title":{"rendered":"faq"},"content":{"rendered":"<p><div class=\"fusion-fullwidth fullwidth-box fusion-builder-row-1 fusion-flex-container has-pattern-background has-mask-background nonhundred-percent-fullwidth non-hundred-percent-height-scrolling\" style=\"--awb-border-radius-top-left:0px;--awb-border-radius-top-right:0px;--awb-border-radius-bottom-right:0px;--awb-border-radius-bottom-left:0px;--awb-flex-wrap:wrap;\" ><div class=\"fusion-builder-row fusion-row fusion-flex-align-items-flex-start fusion-flex-content-wrap\" style=\"max-width:1310.4px;margin-left: calc(-4% \/ 2 );margin-right: calc(-4% \/ 2 );\"><div class=\"fusion-layout-column fusion_builder_column fusion-builder-column-0 fusion_builder_column_1_1 1_1 fusion-flex-column\" style=\"--awb-bg-size:cover;--awb-width-large:100%;--awb-margin-top-large:0px;--awb-spacing-right-large:1.92%;--awb-margin-bottom-large:20px;--awb-spacing-left-large:1.92%;--awb-width-medium:100%;--awb-order-medium:0;--awb-spacing-right-medium:1.92%;--awb-spacing-left-medium:1.92%;--awb-width-small:100%;--awb-order-small:0;--awb-spacing-right-small:1.92%;--awb-spacing-left-small:1.92%;\"><div class=\"fusion-column-wrapper fusion-column-has-shadow fusion-flex-justify-content-flex-start fusion-content-layout-column\"><div class=\"fusion-title title fusion-title-1 fusion-sep-none fusion-title-center fusion-title-text fusion-title-size-two\"><h2 class=\"fusion-title-heading title-heading-center\" style=\"margin:0;\">Vanlige sp\u00f8rsm\u00e5l og svar om Zensy og Zensy Vision<\/h2><\/div><\/div><\/div><\/div><\/div><div class=\"fusion-fullwidth fullwidth-box fusion-builder-row-2 fusion-flex-container has-pattern-background has-mask-background nonhundred-percent-fullwidth non-hundred-percent-height-scrolling\" style=\"--awb-border-radius-top-left:0px;--awb-border-radius-top-right:0px;--awb-border-radius-bottom-right:0px;--awb-border-radius-bottom-left:0px;--awb-padding-top:60px;--awb-padding-bottom:60px;--awb-flex-wrap:wrap;\" ><div class=\"fusion-builder-row fusion-row fusion-flex-align-items-flex-start fusion-flex-content-wrap\" style=\"max-width:1310.4px;margin-left: calc(-4% \/ 2 );margin-right: calc(-4% \/ 2 );\"><div class=\"fusion-layout-column fusion_builder_column fusion-builder-column-1 fusion_builder_column_1_2 1_2 fusion-flex-column\" style=\"--awb-bg-size:cover;--awb-width-large:50%;--awb-margin-top-large:0px;--awb-spacing-right-large:3.84%;--awb-margin-bottom-large:20px;--awb-spacing-left-large:3.84%;--awb-width-medium:50%;--awb-order-medium:0;--awb-spacing-right-medium:3.84%;--awb-spacing-left-medium:3.84%;--awb-width-small:100%;--awb-order-small:0;--awb-spacing-right-small:1.92%;--awb-spacing-left-small:1.92%;\"><div class=\"fusion-column-wrapper fusion-column-has-shadow fusion-flex-justify-content-flex-start fusion-content-layout-column\"><div class=\"fusion-image-element\" style=\"--awb-caption-title-font-family:var(--h2_typography-font-family);--awb-caption-title-font-weight:var(--h2_typography-font-weight);--awb-caption-title-font-style:var(--h2_typography-font-style);--awb-caption-title-size:var(--h2_typography-font-size);--awb-caption-title-transform:var(--h2_typography-text-transform);--awb-caption-title-line-height:var(--h2_typography-line-height);--awb-caption-title-letter-spacing:var(--h2_typography-letter-spacing);\"><span class=\"fusion-imageframe imageframe-none imageframe-1 hover-type-none\"><img decoding=\"async\" width=\"2560\" height=\"1440\" title=\"Meeting\" src=\"https:\/\/zensy.io\/wp-content\/uploads\/DSC00139-scaled.jpg\" data-orig-src=\"https:\/\/zensy.io\/wp-content\/uploads\/DSC00139-scaled.jpg\" alt class=\"lazyload img-responsive wp-image-2262\" srcset=\"data:image\/svg+xml,%3Csvg%20xmlns%3D%27http%3A%2F%2Fwww.w3.org%2F2000%2Fsvg%27%20width%3D%272560%27%20height%3D%271440%27%20viewBox%3D%270%200%202560%201440%27%3E%3Crect%20width%3D%272560%27%20height%3D%271440%27%20fill-opacity%3D%220%22%2F%3E%3C%2Fsvg%3E\" data-srcset=\"https:\/\/zensy.io\/wp-content\/uploads\/DSC00139-200x113.jpg 200w, https:\/\/zensy.io\/wp-content\/uploads\/DSC00139-400x225.jpg 400w, https:\/\/zensy.io\/wp-content\/uploads\/DSC00139-600x338.jpg 600w, https:\/\/zensy.io\/wp-content\/uploads\/DSC00139-800x450.jpg 800w, https:\/\/zensy.io\/wp-content\/uploads\/DSC00139-1200x675.jpg 1200w, https:\/\/zensy.io\/wp-content\/uploads\/DSC00139-scaled.jpg 2560w\" data-sizes=\"auto\" data-orig-sizes=\"(max-width: 640px) 100vw, 600px\" \/><\/span><\/div><\/div><\/div><div class=\"fusion-layout-column fusion_builder_column fusion-builder-column-2 fusion_builder_column_1_2 1_2 fusion-flex-column\" style=\"--awb-bg-size:cover;--awb-width-large:50%;--awb-margin-top-large:0px;--awb-spacing-right-large:3.84%;--awb-margin-bottom-large:20px;--awb-spacing-left-large:3.84%;--awb-width-medium:50%;--awb-order-medium:0;--awb-spacing-right-medium:3.84%;--awb-spacing-left-medium:3.84%;--awb-width-small:100%;--awb-order-small:0;--awb-spacing-right-small:1.92%;--awb-spacing-left-small:1.92%;\"><div class=\"fusion-column-wrapper fusion-column-has-shadow fusion-flex-justify-content-flex-start fusion-content-layout-column\"><style type=\"text\/css\">.fusion-faqs-wrapper #accordian-1 .fusion-panel { border-color:var(--awb-color3); }.fusion-faqs-wrapper #accordian-1 .fusion-panel:hover{ border-color: var(--awb-color3); }.fusion-accordian #accordian-1 .panel-title a .fa-fusion-box:before{ font-size: 16px;width: 16px;}.fusion-accordian #accordian-1 .panel-title a .fa-fusion-box{ color: var(--awb-color1);}.fusion-accordian  #accordian-1 .panel-title a{font-family:var(--awb-typography1-font-family);font-weight:var(--awb-typography1-font-weight);font-style:var(--awb-typography1-font-style);}.fusion-accordian  #accordian-1 .panel-title a:not(:hover){}.fusion-accordian  #accordian-1 .toggle-content{font-family:var(--awb-typography4-font-family);font-weight:var(--awb-typography4-font-weight);font-style:var(--awb-typography4-font-style);}.fusion-accordian #accordian-1 .fa-fusion-box { background-color: var(--awb-color7) !important;border-color: var(--awb-color7) !important;}.fusion-accordian #accordian-1 .panel-title a:hover,.fusion-accordian #accordian-1 .panel-title a.hover { color: var(--awb-color4);}.fusion-faq-shortcode .fusion-accordian #accordian-1 .fusion-toggle-boxed-mode:hover .panel-title a { color: var(--awb-color4);}.fusion-accordian #accordian-1 .panel-title .active .fa-fusion-box,.fusion-accordian #accordian-1 .panel-title a:hover .fa-fusion-box,.fusion-accordian #accordian-1 .panel-title a.hover .fa-fusion-box { background-color: var(--awb-color4)!important;border-color: var(--awb-color4)!important;}<\/style><div class=\"fusion-faq-shortcode\" style=\"\"><div class=\"fusion-faqs-wrapper\"><div class=\"accordian fusion-accordian\"><div class=\"panel-group\" id=\"accordian-1\"><div class=\"fusion-panel panel-default fusion-faq-post fusion-faq-post-2820 zensy\"><span class=\"entry-title rich-snippet-hidden\">Hva koster det?<\/span><span class=\"vcard rich-snippet-hidden\"><span class=\"fn\"><a href=\"https:\/\/zensy.io\/nb\/author\/stianbro\/\" title=\"Innlegg av ceo\" rel=\"author\">ceo<\/a><\/span><\/span><span class=\"updated rich-snippet-hidden\">2023-07-31T15:56:48+02:00<\/span><div class=\"panel-heading\"><h4 id=\"faq_1-2820\" class=\"panel-title toggle\"><a data-toggle=\"collapse\" class=\"collapsed\" data-parent=\"#accordian-1\" data-target=\"#collapse-1-2820\" href=\"#collapse-1-2820\" aria-expanded=\"false\"><div class=\"fusion-toggle-icon-wrapper\"><div class=\"fusion-toggle-icon-wrapper-main\"><div class=\"fusion-toggle-icon-wrapper-sub\"><i class=\"fa-fusion-box active-icon awb-icon-minus\" aria-hidden=\"true\"><\/i><i class=\"fa-fusion-box inactive-icon awb-icon-plus\" aria-hidden=\"true\"><\/i><\/div><\/div><\/div><div class=\"fusion-toggle-heading\">Hva koster det?<\/div><\/a><\/h4><\/div><div id=\"collapse-1-2820\" aria-labelledby=\"faq_1-2820\" class=\"panel-collapse collapse\"><div class=\"panel-body toggle-content post-content\"><p>V\u00e5r prisstruktur er enkel og rett frem. Zensy tilbyr l\u00f8sningen som en tjeneste, mer spesifikt en &#8220;Hardware as a Service&#8221; (HaaS). Dette betyr at kundene leier eller leaser Zensy Vision-kameraet og v\u00e5r webplattform for bare NOK 350,- per m\u00e5ned per kamera. Denne prisen inkluderer tilgang til webplattformen og alle tilgjengelige integrasjoner.<\/p>\n<p>Standard kontraktslengde er 36 m\u00e5neder. En av de st\u00f8rste fordelene med v\u00e5r HaaS-modell er at kundene ikke trenger \u00e5 bekymre seg for vedlikehold eller bytte av batterier. Dette er inkludert i avtalen, noe som gir deg fullstendig ro i sinnet n\u00e5r det gjelder vedlikehold av utstyret.<\/p>\n<p>P\u00e5 denne m\u00e5ten kan du fokusere p\u00e5 det som er viktigst &#8211; \u00e5 administrere og vedlikeholde bygningene dine p\u00e5 en mest mulig effektiv m\u00e5te. Zensy tar seg av resten!<\/p>\n<\/div><\/div><\/div><div class=\"fusion-panel panel-default fusion-faq-post fusion-faq-post-2818 zensy\"><span class=\"entry-title rich-snippet-hidden\">Hvordan kan jeg kontakte Zensy for support?<\/span><span class=\"vcard rich-snippet-hidden\"><span class=\"fn\"><a href=\"https:\/\/zensy.io\/nb\/author\/stianbro\/\" title=\"Innlegg av ceo\" rel=\"author\">ceo<\/a><\/span><\/span><span class=\"updated rich-snippet-hidden\">2023-07-31T15:35:24+02:00<\/span><div class=\"panel-heading\"><h4 id=\"faq_1-2818\" class=\"panel-title toggle\"><a data-toggle=\"collapse\" class=\"collapsed\" data-parent=\"#accordian-1\" data-target=\"#collapse-1-2818\" href=\"#collapse-1-2818\" aria-expanded=\"false\"><div class=\"fusion-toggle-icon-wrapper\"><div class=\"fusion-toggle-icon-wrapper-main\"><div class=\"fusion-toggle-icon-wrapper-sub\"><i class=\"fa-fusion-box active-icon awb-icon-minus\" aria-hidden=\"true\"><\/i><i class=\"fa-fusion-box inactive-icon awb-icon-plus\" aria-hidden=\"true\"><\/i><\/div><\/div><\/div><div class=\"fusion-toggle-heading\">Hvordan kan jeg kontakte Zensy for support?<\/div><\/a><\/h4><\/div><div id=\"collapse-1-2818\" aria-labelledby=\"faq_1-2818\" class=\"panel-collapse collapse\"><div class=\"panel-body toggle-content post-content\"><p>Du kan kontakte oss via e-post eller telefon for support. V\u00e5rt dedikerte team er alltid her for \u00e5 hjelpe deg med eventuelle sp\u00f8rsm\u00e5l eller problemer du m\u00e5tte ha.<\/p>\n<\/div><\/div><\/div><div class=\"fusion-panel panel-default fusion-faq-post fusion-faq-post-2816 zensy\"><span class=\"entry-title rich-snippet-hidden\">Hva skjer hvis Zensy Vision oppdager et problem?<\/span><span class=\"vcard rich-snippet-hidden\"><span class=\"fn\"><a href=\"https:\/\/zensy.io\/nb\/author\/stianbro\/\" title=\"Innlegg av ceo\" rel=\"author\">ceo<\/a><\/span><\/span><span class=\"updated rich-snippet-hidden\">2023-07-31T15:34:56+02:00<\/span><div class=\"panel-heading\"><h4 id=\"faq_1-2816\" class=\"panel-title toggle\"><a data-toggle=\"collapse\" class=\"collapsed\" data-parent=\"#accordian-1\" data-target=\"#collapse-1-2816\" href=\"#collapse-1-2816\" aria-expanded=\"false\"><div class=\"fusion-toggle-icon-wrapper\"><div class=\"fusion-toggle-icon-wrapper-main\"><div class=\"fusion-toggle-icon-wrapper-sub\"><i class=\"fa-fusion-box active-icon awb-icon-minus\" aria-hidden=\"true\"><\/i><i class=\"fa-fusion-box inactive-icon awb-icon-plus\" aria-hidden=\"true\"><\/i><\/div><\/div><\/div><div class=\"fusion-toggle-heading\">Hva skjer hvis Zensy Vision oppdager et problem?<\/div><\/a><\/h4><\/div><div id=\"collapse-1-2816\" aria-labelledby=\"faq_1-2816\" class=\"panel-collapse collapse\"><div class=\"panel-body toggle-content post-content\"><p>Avhengig av dine personlige innstillinger, vil Zensy Vision sende deg en varsling hvis den oppdager et problem. I tillegg kan Zensy Vision automatisk opprette avvik og oppgaver i Famac og Propely, slik at du kan h\u00e5ndtere eventuelle problemer effektivt og raskt.<\/p>\n<\/div><\/div><\/div><div class=\"fusion-panel panel-default fusion-faq-post fusion-faq-post-2814 zensy\"><span class=\"entry-title rich-snippet-hidden\">Hvordan kan Zensy hjelpe meg med \u00e5 forvalte mine bygninger bedre?<\/span><span class=\"vcard rich-snippet-hidden\"><span class=\"fn\"><a href=\"https:\/\/zensy.io\/nb\/author\/stianbro\/\" title=\"Innlegg av ceo\" rel=\"author\">ceo<\/a><\/span><\/span><span class=\"updated rich-snippet-hidden\">2023-07-31T15:34:19+02:00<\/span><div class=\"panel-heading\"><h4 id=\"faq_1-2814\" class=\"panel-title toggle\"><a data-toggle=\"collapse\" class=\"collapsed\" data-parent=\"#accordian-1\" data-target=\"#collapse-1-2814\" href=\"#collapse-1-2814\" aria-expanded=\"false\"><div class=\"fusion-toggle-icon-wrapper\"><div class=\"fusion-toggle-icon-wrapper-main\"><div class=\"fusion-toggle-icon-wrapper-sub\"><i class=\"fa-fusion-box active-icon awb-icon-minus\" aria-hidden=\"true\"><\/i><i class=\"fa-fusion-box inactive-icon awb-icon-plus\" aria-hidden=\"true\"><\/i><\/div><\/div><\/div><div class=\"fusion-toggle-heading\">Hvordan kan Zensy hjelpe meg med \u00e5 forvalte mine bygninger bedre?<\/div><\/a><\/h4><\/div><div id=\"collapse-1-2814\" aria-labelledby=\"faq_1-2814\" class=\"panel-collapse collapse\"><div class=\"panel-body toggle-content post-content\"><p>Zensy gir deg en platform for \u00e5 administrere bygningens status, med fokus p\u00e5 dine tak og takrenner. Du kan ogs\u00e5 laste opp og administrere dokumentasjon relatert til bygninger, noe som er en verdifull funksjon for \u00e5 holde alle n\u00f8dvendige dokumenter p\u00e5 ett sted og lett tilgjengelig.<\/p>\n<\/div><\/div><\/div><div class=\"fusion-panel panel-default fusion-faq-post fusion-faq-post-2812 zensy\"><span class=\"entry-title rich-snippet-hidden\">Kan Zensy integreres med mitt eksisterende FDV-system?<\/span><span class=\"vcard rich-snippet-hidden\"><span class=\"fn\"><a href=\"https:\/\/zensy.io\/nb\/author\/stianbro\/\" title=\"Innlegg av ceo\" rel=\"author\">ceo<\/a><\/span><\/span><span class=\"updated rich-snippet-hidden\">2023-08-01T15:26:25+02:00<\/span><div class=\"panel-heading\"><h4 id=\"faq_1-2812\" class=\"panel-title toggle\"><a data-toggle=\"collapse\" class=\"collapsed\" data-parent=\"#accordian-1\" data-target=\"#collapse-1-2812\" href=\"#collapse-1-2812\" aria-expanded=\"false\"><div class=\"fusion-toggle-icon-wrapper\"><div class=\"fusion-toggle-icon-wrapper-main\"><div class=\"fusion-toggle-icon-wrapper-sub\"><i class=\"fa-fusion-box active-icon awb-icon-minus\" aria-hidden=\"true\"><\/i><i class=\"fa-fusion-box inactive-icon awb-icon-plus\" aria-hidden=\"true\"><\/i><\/div><\/div><\/div><div class=\"fusion-toggle-heading\">Kan Zensy integreres med mitt eksisterende FDV-system?<\/div><\/a><\/h4><\/div><div id=\"collapse-1-2812\" aria-labelledby=\"faq_1-2812\" class=\"panel-collapse collapse\"><div class=\"panel-body toggle-content post-content\"><p>Ja, vi har allerede integrasjoner med Famac, Propely.io og Energy-Control Dashboard. Hvis du bruker et annet FDV-system og \u00f8nsker \u00e5 integrere det med Zensy, er vi \u00e5pne for \u00e5 utvikle nye integrasjoner basert p\u00e5 foresp\u00f8rsler fra kundene v\u00e5re.<\/p>\n<\/div><\/div><\/div><div class=\"fusion-panel panel-default fusion-faq-post fusion-faq-post-2810 zensy\"><span class=\"entry-title rich-snippet-hidden\">Hvilke alerter kan Zensy Vision generere?<\/span><span class=\"vcard rich-snippet-hidden\"><span class=\"fn\"><a href=\"https:\/\/zensy.io\/nb\/author\/stianbro\/\" title=\"Innlegg av ceo\" rel=\"author\">ceo<\/a><\/span><\/span><span class=\"updated rich-snippet-hidden\">2023-07-31T15:32:17+02:00<\/span><div class=\"panel-heading\"><h4 id=\"faq_1-2810\" class=\"panel-title toggle\"><a data-toggle=\"collapse\" class=\"collapsed\" data-parent=\"#accordian-1\" data-target=\"#collapse-1-2810\" href=\"#collapse-1-2810\" aria-expanded=\"false\"><div class=\"fusion-toggle-icon-wrapper\"><div class=\"fusion-toggle-icon-wrapper-main\"><div class=\"fusion-toggle-icon-wrapper-sub\"><i class=\"fa-fusion-box active-icon awb-icon-minus\" aria-hidden=\"true\"><\/i><i class=\"fa-fusion-box inactive-icon awb-icon-plus\" aria-hidden=\"true\"><\/i><\/div><\/div><\/div><div class=\"fusion-toggle-heading\">Hvilke alerter kan Zensy Vision generere?<\/div><\/a><\/h4><\/div><div id=\"collapse-1-2810\" aria-labelledby=\"faq_1-2810\" class=\"panel-collapse collapse\"><div class=\"panel-body toggle-content post-content\"><p>Zensy Vision kan generere alerter basert p\u00e5 bildeforskjeller, tilstedev\u00e6relse av vann, og mer. Du kan tilpasse dine alerter og bestemme hvilke situasjoner som skal utl\u00f8se dem.<\/p>\n<\/div><\/div><\/div><div class=\"fusion-panel panel-default fusion-faq-post fusion-faq-post-2808 zensy\"><span class=\"entry-title rich-snippet-hidden\">Hvordan fungerer Zensy Vision-kameraet?<\/span><span class=\"vcard rich-snippet-hidden\"><span class=\"fn\"><a href=\"https:\/\/zensy.io\/nb\/author\/stianbro\/\" title=\"Innlegg av ceo\" rel=\"author\">ceo<\/a><\/span><\/span><span class=\"updated rich-snippet-hidden\">2023-07-31T15:31:35+02:00<\/span><div class=\"panel-heading\"><h4 id=\"faq_1-2808\" class=\"panel-title toggle\"><a data-toggle=\"collapse\" class=\"collapsed\" data-parent=\"#accordian-1\" data-target=\"#collapse-1-2808\" href=\"#collapse-1-2808\" aria-expanded=\"false\"><div class=\"fusion-toggle-icon-wrapper\"><div class=\"fusion-toggle-icon-wrapper-main\"><div class=\"fusion-toggle-icon-wrapper-sub\"><i class=\"fa-fusion-box active-icon awb-icon-minus\" aria-hidden=\"true\"><\/i><i class=\"fa-fusion-box inactive-icon awb-icon-plus\" aria-hidden=\"true\"><\/i><\/div><\/div><\/div><div class=\"fusion-toggle-heading\">Hvordan fungerer Zensy Vision-kameraet?<\/div><\/a><\/h4><\/div><div id=\"collapse-1-2808\" aria-labelledby=\"faq_1-2808\" class=\"panel-collapse collapse\"><div class=\"panel-body toggle-content post-content\"><p>Zensy Vision er et tr\u00e5dl\u00f8st, batteridrevet kamera som inkluderer en rekke sensorer, som temperatur og fuktighetssensorer. Kameraet tar ett bilde og en avlesning hver 24. time. Zensy bruker avansert AI-teknologi for \u00e5 identifisere potensielle problemer. Zensy Vision er ogs\u00e5 v\u00e6rbestanding i henhold til IP68 standarden.<\/p>\n<\/div><\/div><\/div><div class=\"fusion-panel panel-default fusion-faq-post fusion-faq-post-2806 zensy\"><span class=\"entry-title rich-snippet-hidden\">Hva er Zensy?<\/span><span class=\"vcard rich-snippet-hidden\"><span class=\"fn\"><a href=\"https:\/\/zensy.io\/nb\/author\/stianbro\/\" title=\"Innlegg av ceo\" rel=\"author\">ceo<\/a><\/span><\/span><span class=\"updated rich-snippet-hidden\">2023-07-31T15:30:16+02:00<\/span><div class=\"panel-heading\"><h4 id=\"faq_1-2806\" class=\"panel-title toggle\"><a data-toggle=\"collapse\" class=\"collapsed\" data-parent=\"#accordian-1\" data-target=\"#collapse-1-2806\" href=\"#collapse-1-2806\" aria-expanded=\"false\"><div class=\"fusion-toggle-icon-wrapper\"><div class=\"fusion-toggle-icon-wrapper-main\"><div class=\"fusion-toggle-icon-wrapper-sub\"><i class=\"fa-fusion-box active-icon awb-icon-minus\" aria-hidden=\"true\"><\/i><i class=\"fa-fusion-box inactive-icon awb-icon-plus\" aria-hidden=\"true\"><\/i><\/div><\/div><\/div><div class=\"fusion-toggle-heading\">Hva er Zensy?<\/div><\/a><\/h4><\/div><div id=\"collapse-1-2806\" aria-labelledby=\"faq_1-2806\" class=\"panel-collapse collapse\"><div class=\"panel-body toggle-content post-content\"><p>Zensy er en banebrytende l\u00f8sning for bygningsforvaltning som kombinerer avansert bildeteknologi med sensorer for \u00e5 gi deg bedre innsikt og kontroll over bygningene dine.<\/p>\n<\/div><\/div><\/div><\/div><\/div><\/div><\/div><\/div><\/div><\/div><\/div><\/p>","protected":false},"excerpt":{"rendered":"","protected":false},"author":1,"featured_media":0,"parent":0,"menu_order":0,"comment_status":"closed","ping_status":"closed","template":"","meta":{"content-type":"","footnotes":""},"class_list":["post-2938","page","type-page","status-publish","hentry"],"yoast_head":"<!-- This site is optimized with the Yoast SEO plugin v22.8 - https:\/\/yoast.com\/wordpress\/plugins\/seo\/ -->\n<title>faq - Zensy<\/title>\n<meta name=\"robots\" content=\"index, follow, max-snippet:-1, max-image-preview:large, max-video-preview:-1\" \/>\n<link rel=\"canonical\" href=\"https:\/\/zensy.io\/nb\/faq\/\" \/>\n<meta property=\"og:locale\" content=\"nb_NO\" \/>\n<meta property=\"og:type\" content=\"article\" \/>\n<meta property=\"og:title\" content=\"faq - Zensy\" \/>\n<meta property=\"og:url\" content=\"https:\/\/zensy.io\/nb\/faq\/\" \/>\n<meta property=\"og:site_name\" content=\"Zensy\" \/>\n<meta property=\"article:modified_time\" content=\"2023-08-02T22:08:06+00:00\" \/>\n<meta name=\"twitter:card\" content=\"summary_large_image\" \/>\n<meta name=\"twitter:label1\" content=\"Ansl. lesetid\" \/>\n\t<meta name=\"twitter:data1\" content=\"14 minutter\" \/>\n<script type=\"application\/ld+json\" class=\"yoast-schema-graph\">{\"@context\":\"https:\/\/schema.org\",\"@graph\":[{\"@type\":\"WebPage\",\"@id\":\"https:\/\/zensy.io\/faq\/\",\"url\":\"https:\/\/zensy.io\/faq\/\",\"name\":\"faq - Zensy\",\"isPartOf\":{\"@id\":\"https:\/\/zensy.io\/#website\"},\"datePublished\":\"2023-08-02T22:05:35+00:00\",\"dateModified\":\"2023-08-02T22:08:06+00:00\",\"breadcrumb\":{\"@id\":\"https:\/\/zensy.io\/faq\/#breadcrumb\"},\"inLanguage\":\"nb-NO\",\"potentialAction\":[{\"@type\":\"ReadAction\",\"target\":[\"https:\/\/zensy.io\/faq\/\"]}]},{\"@type\":\"BreadcrumbList\",\"@id\":\"https:\/\/zensy.io\/faq\/#breadcrumb\",\"itemListElement\":[{\"@type\":\"ListItem\",\"position\":1,\"name\":\"Hjem\",\"item\":\"https:\/\/zensy.io\/\"},{\"@type\":\"ListItem\",\"position\":2,\"name\":\"faq\"}]},{\"@type\":\"WebSite\",\"@id\":\"https:\/\/zensy.io\/#website\",\"url\":\"https:\/\/zensy.io\/\",\"name\":\"Zensy\",\"description\":\"Avoid water damage and dangerous icicles by making gutters smart\",\"publisher\":{\"@id\":\"https:\/\/zensy.io\/#organization\"},\"potentialAction\":[{\"@type\":\"SearchAction\",\"target\":{\"@type\":\"EntryPoint\",\"urlTemplate\":\"https:\/\/zensy.io\/?s={search_term_string}\"},\"query-input\":\"required name=search_term_string\"}],\"inLanguage\":\"nb-NO\"},{\"@type\":\"Organization\",\"@id\":\"https:\/\/zensy.io\/#organization\",\"name\":\"Zensy\",\"url\":\"https:\/\/zensy.io\/\",\"logo\":{\"@type\":\"ImageObject\",\"inLanguage\":\"nb-NO\",\"@id\":\"https:\/\/zensy.io\/#\/schema\/logo\/image\/\",\"url\":\"https:\/\/zensy.io\/wp-content\/uploads\/zensy_logo_tm.png\",\"contentUrl\":\"https:\/\/zensy.io\/wp-content\/uploads\/zensy_logo_tm.png\",\"width\":389,\"height\":141,\"caption\":\"Zensy\"},\"image\":{\"@id\":\"https:\/\/zensy.io\/#\/schema\/logo\/image\/\"},\"sameAs\":[\"https:\/\/www.linkedin.com\/company\/zensy\/\"]}]}<\/script>\n<!-- \/ Yoast SEO plugin. -->","yoast_head_json":{"title":"faq - Zensy","robots":{"index":"index","follow":"follow","max-snippet":"max-snippet:-1","max-image-preview":"max-image-preview:large","max-video-preview":"max-video-preview:-1"},"canonical":"https:\/\/zensy.io\/nb\/faq\/","og_locale":"nb_NO","og_type":"article","og_title":"faq - Zensy","og_url":"https:\/\/zensy.io\/nb\/faq\/","og_site_name":"Zensy","article_modified_time":"2023-08-02T22:08:06+00:00","twitter_card":"summary_large_image","twitter_misc":{"Ansl. lesetid":"14 minutter"},"schema":{"@context":"https:\/\/schema.org","@graph":[{"@type":"WebPage","@id":"https:\/\/zensy.io\/faq\/","url":"https:\/\/zensy.io\/faq\/","name":"faq - Zensy","isPartOf":{"@id":"https:\/\/zensy.io\/#website"},"datePublished":"2023-08-02T22:05:35+00:00","dateModified":"2023-08-02T22:08:06+00:00","breadcrumb":{"@id":"https:\/\/zensy.io\/faq\/#breadcrumb"},"inLanguage":"nb-NO","potentialAction":[{"@type":"ReadAction","target":["https:\/\/zensy.io\/faq\/"]}]},{"@type":"BreadcrumbList","@id":"https:\/\/zensy.io\/faq\/#breadcrumb","itemListElement":[{"@type":"ListItem","position":1,"name":"Hjem","item":"https:\/\/zensy.io\/"},{"@type":"ListItem","position":2,"name":"faq"}]},{"@type":"WebSite","@id":"https:\/\/zensy.io\/#website","url":"https:\/\/zensy.io\/","name":"Zensy","description":"Avoid water damage and dangerous icicles by making gutters smart","publisher":{"@id":"https:\/\/zensy.io\/#organization"},"potentialAction":[{"@type":"SearchAction","target":{"@type":"EntryPoint","urlTemplate":"https:\/\/zensy.io\/?s={search_term_string}"},"query-input":"required name=search_term_string"}],"inLanguage":"nb-NO"},{"@type":"Organization","@id":"https:\/\/zensy.io\/#organization","name":"Zensy","url":"https:\/\/zensy.io\/","logo":{"@type":"ImageObject","inLanguage":"nb-NO","@id":"https:\/\/zensy.io\/#\/schema\/logo\/image\/","url":"https:\/\/zensy.io\/wp-content\/uploads\/zensy_logo_tm.png","contentUrl":"https:\/\/zensy.io\/wp-content\/uploads\/zensy_logo_tm.png","width":389,"height":141,"caption":"Zensy"},"image":{"@id":"https:\/\/zensy.io\/#\/schema\/logo\/image\/"},"sameAs":["https:\/\/www.linkedin.com\/company\/zensy\/"]}]}},"_links":{"self":[{"href":"https:\/\/zensy.io\/nb\/wp-json\/wp\/v2\/pages\/2938","targetHints":{"allow":["GET"]}}],"collection":[{"href":"https:\/\/zensy.io\/nb\/wp-json\/wp\/v2\/pages"}],"about":[{"href":"https:\/\/zensy.io\/nb\/wp-json\/wp\/v2\/types\/page"}],"author":[{"embeddable":true,"href":"https:\/\/zensy.io\/nb\/wp-json\/wp\/v2\/users\/1"}],"replies":[{"embeddable":true,"href":"https:\/\/zensy.io\/nb\/wp-json\/wp\/v2\/comments?post=2938"}],"version-history":[{"count":3,"href":"https:\/\/zensy.io\/nb\/wp-json\/wp\/v2\/pages\/2938\/revisions"}],"predecessor-version":[{"id":3008,"href":"https:\/\/zensy.io\/nb\/wp-json\/wp\/v2\/pages\/2938\/revisions\/3008"}],"wp:attachment":[{"href":"https:\/\/zensy.io\/nb\/wp-json\/wp\/v2\/media?parent=2938"}],"curies":[{"name":"wp","href":"https:\/\/api.w.org\/{rel}","templated":true}]}}