{"id":2995,"date":"2023-08-02T23:47:38","date_gmt":"2023-08-02T21:47:38","guid":{"rendered":"https:\/\/zensy.io\/?page_id=2995"},"modified":"2023-08-02T23:50:40","modified_gmt":"2023-08-02T21:50:40","slug":"hvordan-bruke-zensy","status":"publish","type":"page","link":"https:\/\/zensy.io\/nb\/hvordan-bruke-zensy\/","title":{"rendered":"Hvordan bruke Zensy"},"content":{"rendered":"<p><div class=\"fusion-fullwidth fullwidth-box fusion-builder-row-1 fusion-flex-container has-pattern-background has-mask-background nonhundred-percent-fullwidth non-hundred-percent-height-scrolling\" style=\"--awb-border-radius-top-left:0px;--awb-border-radius-top-right:0px;--awb-border-radius-bottom-right:0px;--awb-border-radius-bottom-left:0px;--awb-flex-wrap:wrap;\" ><div class=\"fusion-builder-row fusion-row fusion-flex-align-items-flex-start fusion-flex-content-wrap\" style=\"max-width:1310.4px;margin-left: calc(-4% \/ 2 );margin-right: calc(-4% \/ 2 );\"><div class=\"fusion-layout-column fusion_builder_column fusion-builder-column-0 fusion_builder_column_1_1 1_1 fusion-flex-column\" style=\"--awb-bg-size:cover;--awb-width-large:100%;--awb-margin-top-large:0px;--awb-spacing-right-large:1.92%;--awb-margin-bottom-large:20px;--awb-spacing-left-large:1.92%;--awb-width-medium:100%;--awb-order-medium:0;--awb-spacing-right-medium:1.92%;--awb-spacing-left-medium:1.92%;--awb-width-small:100%;--awb-order-small:0;--awb-spacing-right-small:1.92%;--awb-spacing-left-small:1.92%;\"><div class=\"fusion-column-wrapper fusion-column-has-shadow fusion-flex-justify-content-flex-start fusion-content-layout-column\"><div class=\"fusion-title title fusion-title-1 fusion-sep-none fusion-title-center fusion-title-text fusion-title-size-one\"><h1 class=\"fusion-title-heading title-heading-center\" style=\"margin:0;\">Hvordan bruke Zensy<\/h1><\/div><div class=\"fusion-title title fusion-title-2 fusion-sep-none fusion-title-center fusion-title-text fusion-title-size-three\"><h3 class=\"fusion-title-heading title-heading-center\" style=\"margin:0;\">Det er enkelt \u00e5 komme i gang med Zensy og Zensy Vision<\/h3><\/div><\/div><\/div><\/div><\/div><div class=\"fusion-fullwidth fullwidth-box fusion-builder-row-2 fusion-flex-container has-pattern-background has-mask-background nonhundred-percent-fullwidth non-hundred-percent-height-scrolling\" style=\"--awb-border-radius-top-left:0px;--awb-border-radius-top-right:0px;--awb-border-radius-bottom-right:0px;--awb-border-radius-bottom-left:0px;--awb-margin-top:60px;--awb-flex-wrap:wrap;\" ><div class=\"fusion-builder-row fusion-row fusion-flex-align-items-flex-start fusion-flex-content-wrap\" style=\"max-width:1310.4px;margin-left: calc(-4% \/ 2 );margin-right: calc(-4% \/ 2 );\"><div class=\"fusion-layout-column fusion_builder_column fusion-builder-column-1 fusion_builder_column_1_1 1_1 fusion-flex-column\" style=\"--awb-bg-size:cover;--awb-width-large:100%;--awb-margin-top-large:0px;--awb-spacing-right-large:1.92%;--awb-margin-bottom-large:20px;--awb-spacing-left-large:1.92%;--awb-width-medium:100%;--awb-order-medium:0;--awb-spacing-right-medium:1.92%;--awb-spacing-left-medium:1.92%;--awb-width-small:100%;--awb-order-small:0;--awb-spacing-right-small:1.92%;--awb-spacing-left-small:1.92%;\"><div class=\"fusion-column-wrapper fusion-column-has-shadow fusion-flex-justify-content-flex-start fusion-content-layout-column\"><div class=\"fusion-content-boxes content-boxes columns row fusion-columns-2 fusion-columns-total-4 fusion-content-boxes-1 content-boxes-icon-with-title content-left\" style=\"--awb-backgroundcolor:var(--awb-color2);--awb-hover-accent-color:var(--awb-color4);--awb-circle-hover-accent-color:var(--awb-color4);\" data-animationoffset=\"top-into-view\"><div style=\"--awb-backgroundcolor:var(--awb-color2);\" class=\"fusion-column content-box-column content-box-column content-box-column-1 col-lg-6 col-md-6 col-sm-6 fusion-content-box-hover content-box-column-first-in-row\"><div class=\"col content-box-wrapper content-wrapper-background link-area-link-icon content-icon-wrapper-yes icon-hover-animation-fade\" data-animationoffset=\"top-into-view\"><div class=\"heading icon-left\"><h2 class=\"content-box-heading\" style=\"--h2_typography-font-size:24px;line-height:29px;\">Sett opp kameraene dine<\/h2><\/div><div class=\"fusion-clearfix\"><\/div><div class=\"content-container\">\n<p>Begynn med \u00e5 plassere kameraene dine der hvor du \u00f8nsker at Zensy skal passe p\u00e5 for deg. Klips det fast i takrenna du \u00f8nsker \u00e5 overv\u00e5ke, eller monter kameraet p\u00e5 en stolpe eller vegg hvis du \u00f8nsker \u00e5 f\u00f8lge med p\u00e5 taket ditt. Kameraene vil kontinuerlig samle inn data og sende det til systemet v\u00e5rt hvor Zensy vil automatisk analysere og vurdere hva det er kameraet ser.<\/p>\n<p><img decoding=\"async\" class=\"lazyload alignnone wp-image-2749\" src=\"https:\/\/zensy.io\/wp-content\/uploads\/IMG_3256-scaled.jpeg\" data-orig-src=\"https:\/\/zensy.io\/wp-content\/uploads\/IMG_3256-scaled.jpeg\" alt=\"Pole mounted Zensy Vision\" width=\"500\" height=\"666\" srcset=\"data:image\/svg+xml,%3Csvg%20xmlns%3D%27http%3A%2F%2Fwww.w3.org%2F2000%2Fsvg%27%20width%3D%27500%27%20height%3D%27666%27%20viewBox%3D%270%200%20500%20666%27%3E%3Crect%20width%3D%27500%27%20height%3D%27666%27%20fill-opacity%3D%220%22%2F%3E%3C%2Fsvg%3E\" data-srcset=\"https:\/\/zensy.io\/wp-content\/uploads\/IMG_3256-9x12.jpeg 9w, https:\/\/zensy.io\/wp-content\/uploads\/IMG_3256-200x267.jpeg 200w, https:\/\/zensy.io\/wp-content\/uploads\/IMG_3256-225x300.jpeg 225w, https:\/\/zensy.io\/wp-content\/uploads\/IMG_3256-400x533.jpeg 400w, https:\/\/zensy.io\/wp-content\/uploads\/IMG_3256-500x667.jpeg 500w, https:\/\/zensy.io\/wp-content\/uploads\/IMG_3256-600x800.jpeg 600w, https:\/\/zensy.io\/wp-content\/uploads\/IMG_3256-700x933.jpeg 700w, https:\/\/zensy.io\/wp-content\/uploads\/IMG_3256-768x1024.jpeg 768w, https:\/\/zensy.io\/wp-content\/uploads\/IMG_3256-800x1067.jpeg 800w, https:\/\/zensy.io\/wp-content\/uploads\/IMG_3256-1152x1536.jpeg 1152w, https:\/\/zensy.io\/wp-content\/uploads\/IMG_3256-1200x1600.jpeg 1200w, https:\/\/zensy.io\/wp-content\/uploads\/IMG_3256-1536x2048.jpeg 1536w, https:\/\/zensy.io\/wp-content\/uploads\/IMG_3256-scaled.jpeg 1920w\" data-sizes=\"auto\" data-orig-sizes=\"(max-width: 500px) 100vw, 500px\" \/><\/p>\n<\/div><\/div><\/div><div style=\"--awb-backgroundcolor:var(--awb-color2);\" class=\"fusion-column content-box-column content-box-column content-box-column-2 col-lg-6 col-md-6 col-sm-6 fusion-content-box-hover content-box-column-last-in-row\"><div class=\"col content-box-wrapper content-wrapper-background link-area-link-icon content-icon-wrapper-yes icon-hover-animation-fade\" data-animationoffset=\"top-into-view\"><div class=\"heading icon-left\"><h2 class=\"content-box-heading\" style=\"--h2_typography-font-size:24px;line-height:29px;\">Overv\u00e5k dataene dine<\/h2><\/div><div class=\"fusion-clearfix\"><\/div><div class=\"content-container\">\n<p>N\u00e5r kameraene dine er satt opp, kan du gjennomg\u00e5 dataene dine daglig ved hjelp av dashbordet v\u00e5rt.<\/p>\n<p><img decoding=\"async\" class=\"lazyload alignnone wp-image-2964\" src=\"https:\/\/zensy.io\/wp-content\/uploads\/zensy_building_manager_desktop.png\" data-orig-src=\"https:\/\/zensy.io\/wp-content\/uploads\/zensy_building_manager_desktop.png\" alt=\"\" width=\"500\" height=\"350\" srcset=\"data:image\/svg+xml,%3Csvg%20xmlns%3D%27http%3A%2F%2Fwww.w3.org%2F2000%2Fsvg%27%20width%3D%27500%27%20height%3D%27350%27%20viewBox%3D%270%200%20500%20350%27%3E%3Crect%20width%3D%27500%27%20height%3D%27350%27%20fill-opacity%3D%220%22%2F%3E%3C%2Fsvg%3E\" data-srcset=\"https:\/\/zensy.io\/wp-content\/uploads\/zensy_building_manager_desktop-18x12.png 18w, https:\/\/zensy.io\/wp-content\/uploads\/zensy_building_manager_desktop-200x140.png 200w, https:\/\/zensy.io\/wp-content\/uploads\/zensy_building_manager_desktop-300x210.png 300w, https:\/\/zensy.io\/wp-content\/uploads\/zensy_building_manager_desktop-400x280.png 400w, https:\/\/zensy.io\/wp-content\/uploads\/zensy_building_manager_desktop-500x350.png 500w, https:\/\/zensy.io\/wp-content\/uploads\/zensy_building_manager_desktop-600x420.png 600w, https:\/\/zensy.io\/wp-content\/uploads\/zensy_building_manager_desktop-700x490.png 700w, https:\/\/zensy.io\/wp-content\/uploads\/zensy_building_manager_desktop-768x537.png 768w, https:\/\/zensy.io\/wp-content\/uploads\/zensy_building_manager_desktop-800x560.png 800w, https:\/\/zensy.io\/wp-content\/uploads\/zensy_building_manager_desktop-1024x717.png 1024w, https:\/\/zensy.io\/wp-content\/uploads\/zensy_building_manager_desktop-1200x840.png 1200w, https:\/\/zensy.io\/wp-content\/uploads\/zensy_building_manager_desktop-1536x1075.png 1536w, https:\/\/zensy.io\/wp-content\/uploads\/zensy_building_manager_desktop.png 4000w\" data-sizes=\"auto\" data-orig-sizes=\"(max-width: 500px) 100vw, 500px\" \/><\/p>\n<\/div><\/div><\/div><div style=\"--awb-backgroundcolor:var(--awb-color2);\" class=\"fusion-column content-box-column content-box-column content-box-column-3 col-lg-6 col-md-6 col-sm-6 fusion-content-box-hover content-box-column-first-in-row\"><div class=\"col content-box-wrapper content-wrapper-background link-area-link-icon content-icon-wrapper-yes icon-hover-animation-fade\" data-animationoffset=\"top-into-view\"><div class=\"heading icon-left\"><h2 class=\"content-box-heading\" style=\"--h2_typography-font-size:24px;line-height:29px;\">Reager p\u00e5 varsler<\/h2><\/div><div class=\"fusion-clearfix\"><\/div><div class=\"content-container\">\n<p>Hvis Zensy oppdager noe det mener at du b\u00f8r unders\u00f8ke s\u00e5 vil systemet umiddelbart varsle deg. Du kan da sjekke bildet, gi tilbakemelding, og ta n\u00f8dvendige tiltak.<\/p>\n<p><img decoding=\"async\" class=\"lazyload alignnone wp-image-2846\" src=\"data:image\/svg+xml,%3Csvg%20xmlns%3D%27http%3A%2F%2Fwww.w3.org%2F2000%2Fsvg%27%20width%3D%27500%27%20height%3D%27516%27%20viewBox%3D%270%200%20500%20516%27%3E%3Crect%20width%3D%27500%27%20height%3D%27516%27%20fill-opacity%3D%220%22%2F%3E%3C%2Fsvg%3E\" data-orig-src=\"https:\/\/zensy.io\/wp-content\/uploads\/dVEK5bV7j-1.png\" alt=\"\" width=\"500\" height=\"516\" \/><\/p>\n<\/div><\/div><\/div><div style=\"--awb-backgroundcolor:var(--awb-color2);\" class=\"fusion-column content-box-column content-box-column content-box-column-4 col-lg-6 col-md-6 col-sm-6 fusion-content-box-hover content-box-column-last content-box-column-last-in-row\"><div class=\"col content-box-wrapper content-wrapper-background link-area-link-icon content-icon-wrapper-yes icon-hover-animation-fade\" data-animationoffset=\"top-into-view\"><div class=\"heading icon-left\"><h2 class=\"content-box-heading\" style=\"--h2_typography-font-size:24px;line-height:29px;\">Fortsett \u00e5 forbedre<\/h2><\/div><div class=\"fusion-clearfix\"><\/div><div class=\"content-container\">\n<p>Husk at Zensy kontinuerlig l\u00e6rer og forbedrer seg. Jo mer du bruker Zensy og gir tilbakemelding, jo bedre vil systemet v\u00e5rt bli.<\/p>\n<p><img decoding=\"async\" class=\"lazyload alignnone wp-image-2853\" src=\"https:\/\/zensy.io\/wp-content\/uploads\/logo-06.png\" data-orig-src=\"https:\/\/zensy.io\/wp-content\/uploads\/logo-06.png\" alt=\"\" width=\"500\" height=\"500\" srcset=\"data:image\/svg+xml,%3Csvg%20xmlns%3D%27http%3A%2F%2Fwww.w3.org%2F2000%2Fsvg%27%20width%3D%27500%27%20height%3D%27500%27%20viewBox%3D%270%200%20500%20500%27%3E%3Crect%20width%3D%27500%27%20height%3D%27500%27%20fill-opacity%3D%220%22%2F%3E%3C%2Fsvg%3E\" data-srcset=\"https:\/\/zensy.io\/wp-content\/uploads\/logo-06-12x12.png 12w, https:\/\/zensy.io\/wp-content\/uploads\/logo-06-66x66.png 66w, https:\/\/zensy.io\/wp-content\/uploads\/logo-06-150x150.png 150w, https:\/\/zensy.io\/wp-content\/uploads\/logo-06-200x200.png 200w, https:\/\/zensy.io\/wp-content\/uploads\/logo-06-300x300.png 300w, https:\/\/zensy.io\/wp-content\/uploads\/logo-06-400x400.png 400w, https:\/\/zensy.io\/wp-content\/uploads\/logo-06-500x500.png 500w, https:\/\/zensy.io\/wp-content\/uploads\/logo-06-600x600.png 600w, https:\/\/zensy.io\/wp-content\/uploads\/logo-06-700x700.png 700w, https:\/\/zensy.io\/wp-content\/uploads\/logo-06-768x768.png 768w, https:\/\/zensy.io\/wp-content\/uploads\/logo-06-800x800.png 800w, https:\/\/zensy.io\/wp-content\/uploads\/logo-06-1024x1024.png 1024w, https:\/\/zensy.io\/wp-content\/uploads\/logo-06-1200x1200.png 1200w, https:\/\/zensy.io\/wp-content\/uploads\/logo-06.png 1400w\" data-sizes=\"auto\" data-orig-sizes=\"(max-width: 500px) 100vw, 500px\" \/><\/p>\n<\/div><\/div><\/div><div class=\"fusion-clearfix\"><\/div><\/div><\/div><\/div><\/div><\/div><div class=\"fusion-fullwidth fullwidth-box fusion-builder-row-3 fusion-flex-container has-pattern-background has-mask-background nonhundred-percent-fullwidth non-hundred-percent-height-scrolling\" style=\"--awb-border-radius-top-left:0px;--awb-border-radius-top-right:0px;--awb-border-radius-bottom-right:0px;--awb-border-radius-bottom-left:0px;--awb-flex-wrap:wrap;\" ><div class=\"fusion-builder-row fusion-row fusion-flex-align-items-flex-start fusion-flex-content-wrap\" style=\"max-width:1310.4px;margin-left: calc(-4% \/ 2 );margin-right: calc(-4% \/ 2 );\"><div class=\"fusion-layout-column fusion_builder_column fusion-builder-column-2 fusion_builder_column_1_1 1_1 fusion-flex-column\" style=\"--awb-bg-size:cover;--awb-width-large:100%;--awb-margin-top-large:0px;--awb-spacing-right-large:1.92%;--awb-margin-bottom-large:20px;--awb-spacing-left-large:1.92%;--awb-width-medium:100%;--awb-order-medium:0;--awb-spacing-right-medium:1.92%;--awb-spacing-left-medium:1.92%;--awb-width-small:100%;--awb-order-small:0;--awb-spacing-right-small:1.92%;--awb-spacing-left-small:1.92%;\"><div class=\"fusion-column-wrapper fusion-column-has-shadow fusion-flex-justify-content-flex-start fusion-content-layout-column\"><div class=\"fusion-title title fusion-title-3 fusion-sep-none fusion-title-center fusion-title-text fusion-title-size-three\"><h3 class=\"fusion-title-heading title-heading-center\" style=\"margin:0;\">Med Zensy har bygningsforvaltningen aldri v\u00e6rt enklere. Kom i gang i dag og se forskjellen Zensy kan gj\u00f8re for bygningsforvaltningen din.<\/h3><\/div><\/div><\/div><\/div><\/div><\/p>","protected":false},"excerpt":{"rendered":"","protected":false},"author":1,"featured_media":0,"parent":0,"menu_order":0,"comment_status":"closed","ping_status":"closed","template":"","meta":{"content-type":"","footnotes":""},"class_list":["post-2995","page","type-page","status-publish","hentry"],"yoast_head":"<!-- This site is optimized with the Yoast SEO plugin v22.8 - https:\/\/yoast.com\/wordpress\/plugins\/seo\/ -->\n<title>Hvordan bruke Zensy<\/title>\n<meta name=\"robots\" content=\"index, follow, max-snippet:-1, max-image-preview:large, max-video-preview:-1\" \/>\n<link rel=\"canonical\" href=\"https:\/\/zensy.io\/nb\/hvordan-bruke-zensy\/\" \/>\n<meta property=\"og:locale\" content=\"nb_NO\" \/>\n<meta property=\"og:type\" content=\"article\" \/>\n<meta property=\"og:title\" content=\"Hvordan bruke Zensy\" \/>\n<meta property=\"og:url\" content=\"https:\/\/zensy.io\/nb\/hvordan-bruke-zensy\/\" \/>\n<meta property=\"og:site_name\" content=\"Zensy\" \/>\n<meta property=\"article:modified_time\" content=\"2023-08-02T21:50:40+00:00\" \/>\n<meta property=\"og:image\" content=\"https:\/\/zensy.io\/wp-content\/uploads\/IMG_3256-scaled.jpeg\" \/>\n<meta name=\"twitter:card\" content=\"summary_large_image\" \/>\n<meta name=\"twitter:label1\" content=\"Ansl. lesetid\" \/>\n\t<meta name=\"twitter:data1\" content=\"19 minutter\" \/>\n<script type=\"application\/ld+json\" class=\"yoast-schema-graph\">{\"@context\":\"https:\/\/schema.org\",\"@graph\":[{\"@type\":\"WebPage\",\"@id\":\"https:\/\/zensy.io\/hvordan-bruke-zensy\/\",\"url\":\"https:\/\/zensy.io\/hvordan-bruke-zensy\/\",\"name\":\"Hvordan bruke Zensy\",\"isPartOf\":{\"@id\":\"https:\/\/zensy.io\/#website\"},\"primaryImageOfPage\":{\"@id\":\"https:\/\/zensy.io\/hvordan-bruke-zensy\/#primaryimage\"},\"image\":{\"@id\":\"https:\/\/zensy.io\/hvordan-bruke-zensy\/#primaryimage\"},\"thumbnailUrl\":\"https:\/\/zensy.io\/wp-content\/uploads\/IMG_3256-scaled.jpeg\",\"datePublished\":\"2023-08-02T21:47:38+00:00\",\"dateModified\":\"2023-08-02T21:50:40+00:00\",\"breadcrumb\":{\"@id\":\"https:\/\/zensy.io\/hvordan-bruke-zensy\/#breadcrumb\"},\"inLanguage\":\"nb-NO\",\"potentialAction\":[{\"@type\":\"ReadAction\",\"target\":[\"https:\/\/zensy.io\/hvordan-bruke-zensy\/\"]}]},{\"@type\":\"ImageObject\",\"inLanguage\":\"nb-NO\",\"@id\":\"https:\/\/zensy.io\/hvordan-bruke-zensy\/#primaryimage\",\"url\":\"https:\/\/zensy.io\/wp-content\/uploads\/IMG_3256-scaled.jpeg\",\"contentUrl\":\"https:\/\/zensy.io\/wp-content\/uploads\/IMG_3256-scaled.jpeg\"},{\"@type\":\"BreadcrumbList\",\"@id\":\"https:\/\/zensy.io\/hvordan-bruke-zensy\/#breadcrumb\",\"itemListElement\":[{\"@type\":\"ListItem\",\"position\":1,\"name\":\"Hjem\",\"item\":\"https:\/\/zensy.io\/\"},{\"@type\":\"ListItem\",\"position\":2,\"name\":\"Hvordan bruke Zensy\"}]},{\"@type\":\"WebSite\",\"@id\":\"https:\/\/zensy.io\/#website\",\"url\":\"https:\/\/zensy.io\/\",\"name\":\"Zensy\",\"description\":\"Avoid water damage and dangerous icicles by making gutters smart\",\"publisher\":{\"@id\":\"https:\/\/zensy.io\/#organization\"},\"potentialAction\":[{\"@type\":\"SearchAction\",\"target\":{\"@type\":\"EntryPoint\",\"urlTemplate\":\"https:\/\/zensy.io\/?s={search_term_string}\"},\"query-input\":\"required name=search_term_string\"}],\"inLanguage\":\"nb-NO\"},{\"@type\":\"Organization\",\"@id\":\"https:\/\/zensy.io\/#organization\",\"name\":\"Zensy\",\"url\":\"https:\/\/zensy.io\/\",\"logo\":{\"@type\":\"ImageObject\",\"inLanguage\":\"nb-NO\",\"@id\":\"https:\/\/zensy.io\/#\/schema\/logo\/image\/\",\"url\":\"https:\/\/zensy.io\/wp-content\/uploads\/zensy_logo_tm.png\",\"contentUrl\":\"https:\/\/zensy.io\/wp-content\/uploads\/zensy_logo_tm.png\",\"width\":389,\"height\":141,\"caption\":\"Zensy\"},\"image\":{\"@id\":\"https:\/\/zensy.io\/#\/schema\/logo\/image\/\"},\"sameAs\":[\"https:\/\/www.linkedin.com\/company\/zensy\/\"]}]}<\/script>\n<!-- \/ Yoast SEO plugin. -->","yoast_head_json":{"title":"Hvordan bruke Zensy","robots":{"index":"index","follow":"follow","max-snippet":"max-snippet:-1","max-image-preview":"max-image-preview:large","max-video-preview":"max-video-preview:-1"},"canonical":"https:\/\/zensy.io\/nb\/hvordan-bruke-zensy\/","og_locale":"nb_NO","og_type":"article","og_title":"Hvordan bruke Zensy","og_url":"https:\/\/zensy.io\/nb\/hvordan-bruke-zensy\/","og_site_name":"Zensy","article_modified_time":"2023-08-02T21:50:40+00:00","og_image":[{"url":"https:\/\/zensy.io\/wp-content\/uploads\/IMG_3256-scaled.jpeg"}],"twitter_card":"summary_large_image","twitter_misc":{"Ansl. lesetid":"19 minutter"},"schema":{"@context":"https:\/\/schema.org","@graph":[{"@type":"WebPage","@id":"https:\/\/zensy.io\/hvordan-bruke-zensy\/","url":"https:\/\/zensy.io\/hvordan-bruke-zensy\/","name":"Hvordan bruke Zensy","isPartOf":{"@id":"https:\/\/zensy.io\/#website"},"primaryImageOfPage":{"@id":"https:\/\/zensy.io\/hvordan-bruke-zensy\/#primaryimage"},"image":{"@id":"https:\/\/zensy.io\/hvordan-bruke-zensy\/#primaryimage"},"thumbnailUrl":"https:\/\/zensy.io\/wp-content\/uploads\/IMG_3256-scaled.jpeg","datePublished":"2023-08-02T21:47:38+00:00","dateModified":"2023-08-02T21:50:40+00:00","breadcrumb":{"@id":"https:\/\/zensy.io\/hvordan-bruke-zensy\/#breadcrumb"},"inLanguage":"nb-NO","potentialAction":[{"@type":"ReadAction","target":["https:\/\/zensy.io\/hvordan-bruke-zensy\/"]}]},{"@type":"ImageObject","inLanguage":"nb-NO","@id":"https:\/\/zensy.io\/hvordan-bruke-zensy\/#primaryimage","url":"https:\/\/zensy.io\/wp-content\/uploads\/IMG_3256-scaled.jpeg","contentUrl":"https:\/\/zensy.io\/wp-content\/uploads\/IMG_3256-scaled.jpeg"},{"@type":"BreadcrumbList","@id":"https:\/\/zensy.io\/hvordan-bruke-zensy\/#breadcrumb","itemListElement":[{"@type":"ListItem","position":1,"name":"Hjem","item":"https:\/\/zensy.io\/"},{"@type":"ListItem","position":2,"name":"Hvordan bruke Zensy"}]},{"@type":"WebSite","@id":"https:\/\/zensy.io\/#website","url":"https:\/\/zensy.io\/","name":"Zensy","description":"Avoid water damage and dangerous icicles by making gutters smart","publisher":{"@id":"https:\/\/zensy.io\/#organization"},"potentialAction":[{"@type":"SearchAction","target":{"@type":"EntryPoint","urlTemplate":"https:\/\/zensy.io\/?s={search_term_string}"},"query-input":"required name=search_term_string"}],"inLanguage":"nb-NO"},{"@type":"Organization","@id":"https:\/\/zensy.io\/#organization","name":"Zensy","url":"https:\/\/zensy.io\/","logo":{"@type":"ImageObject","inLanguage":"nb-NO","@id":"https:\/\/zensy.io\/#\/schema\/logo\/image\/","url":"https:\/\/zensy.io\/wp-content\/uploads\/zensy_logo_tm.png","contentUrl":"https:\/\/zensy.io\/wp-content\/uploads\/zensy_logo_tm.png","width":389,"height":141,"caption":"Zensy"},"image":{"@id":"https:\/\/zensy.io\/#\/schema\/logo\/image\/"},"sameAs":["https:\/\/www.linkedin.com\/company\/zensy\/"]}]}},"_links":{"self":[{"href":"https:\/\/zensy.io\/nb\/wp-json\/wp\/v2\/pages\/2995","targetHints":{"allow":["GET"]}}],"collection":[{"href":"https:\/\/zensy.io\/nb\/wp-json\/wp\/v2\/pages"}],"about":[{"href":"https:\/\/zensy.io\/nb\/wp-json\/wp\/v2\/types\/page"}],"author":[{"embeddable":true,"href":"https:\/\/zensy.io\/nb\/wp-json\/wp\/v2\/users\/1"}],"replies":[{"embeddable":true,"href":"https:\/\/zensy.io\/nb\/wp-json\/wp\/v2\/comments?post=2995"}],"version-history":[{"count":8,"href":"https:\/\/zensy.io\/nb\/wp-json\/wp\/v2\/pages\/2995\/revisions"}],"predecessor-version":[{"id":3003,"href":"https:\/\/zensy.io\/nb\/wp-json\/wp\/v2\/pages\/2995\/revisions\/3003"}],"wp:attachment":[{"href":"https:\/\/zensy.io\/nb\/wp-json\/wp\/v2\/media?parent=2995"}],"curies":[{"name":"wp","href":"https:\/\/api.w.org\/{rel}","templated":true}]}}