{"id":620,"date":"2021-04-15T15:13:15","date_gmt":"2021-04-15T15:13:15","guid":{"rendered":"http:\/\/70.34.223.204\/?page_id=620"},"modified":"2022-04-05T17:32:44","modified_gmt":"2022-04-05T15:32:44","slug":"pilot-projects","status":"publish","type":"page","link":"https:\/\/zensy.io\/nb\/pilot-projects\/","title":{"rendered":"Pilotprosjekt"},"content":{"rendered":"<p><div class=\"fusion-fullwidth fullwidth-box fusion-builder-row-1 fusion-flex-container nonhundred-percent-fullwidth non-hundred-percent-height-scrolling\" style=\"--awb-border-radius-top-left:0px;--awb-border-radius-top-right:0px;--awb-border-radius-bottom-right:0px;--awb-border-radius-bottom-left:0px;--awb-padding-top:1.5vw;--awb-padding-right:5vw;--awb-padding-bottom:1.5vw;--awb-padding-left:5vw;--awb-padding-top-medium:0px;--awb-padding-bottom-medium:0px;--awb-margin-bottom:80px;--awb-margin-bottom-medium:60px;--awb-margin-bottom-small:48px;--awb-flex-wrap:wrap;\" ><div class=\"fusion-builder-row fusion-row fusion-flex-align-items-flex-end fusion-flex-content-wrap\" style=\"max-width:1310.4px;margin-left: calc(-4% \/ 2 );margin-right: calc(-4% \/ 2 );\"><div class=\"fusion-layout-column fusion_builder_column fusion-builder-column-0 fusion-flex-column fusion-animated\" style=\"--awb-bg-size:cover;--awb-width-large:62%;--awb-margin-top-large:0px;--awb-spacing-right-large:3.0967741935484%;--awb-margin-bottom-large:0px;--awb-spacing-left-large:3.0967741935484%;--awb-width-medium:50%;--awb-order-medium:0;--awb-spacing-right-medium:3.84%;--awb-spacing-left-medium:3.84%;--awb-width-small:100%;--awb-order-small:0;--awb-spacing-right-small:1.92%;--awb-margin-bottom-small:20px;--awb-spacing-left-small:1.92%;\" data-animationtype=\"fadeInDown\" data-animationduration=\"1.3\" data-animationoffset=\"top-into-view\"><div class=\"fusion-column-wrapper fusion-column-has-shadow fusion-flex-justify-content-center fusion-content-layout-column\"><div class=\"fusion-text fusion-text-1 fusion-text-no-margin\" style=\"--awb-font-size:19px;--awb-text-transform:none;--awb-text-color:var(--awb-color5);--awb-margin-bottom:8px;\"><p>Pilotkunder<\/p>\n<\/div><div class=\"fusion-title title fusion-title-1 fusion-no-small-visibility fusion-no-medium-visibility fusion-sep-none fusion-title-text fusion-title-size-one\"><h1 class=\"fusion-title-heading title-heading-left\" style=\"margin:0;\">Nyeste Prosjekter<\/h1><\/div><div class=\"fusion-title title fusion-title-2 fusion-no-large-visibility fusion-sep-none fusion-title-text fusion-title-size-one\" style=\"--awb-font-size:50px;\"><h1 class=\"fusion-title-heading title-heading-left\" style=\"margin:0;font-size:1em;\">Nyeste Prosjekter<\/h1><\/div><\/div><\/div><div class=\"fusion-layout-column fusion_builder_column fusion-builder-column-1 fusion-flex-column fusion-animated\" style=\"--awb-bg-size:cover;--awb-width-large:38%;--awb-margin-top-large:0px;--awb-spacing-right-large:5.0526315789474%;--awb-margin-bottom-large:0px;--awb-spacing-left-large:5.0526315789474%;--awb-width-medium:50%;--awb-order-medium:0;--awb-spacing-right-medium:3.84%;--awb-spacing-left-medium:3.84%;--awb-width-small:100%;--awb-order-small:0;--awb-spacing-right-small:1.92%;--awb-spacing-left-small:1.92%;\" data-animationtype=\"fadeInDown\" data-animationduration=\"1.3\" data-animationoffset=\"top-into-view\"><div class=\"fusion-column-wrapper fusion-column-has-shadow fusion-flex-justify-content-center fusion-content-layout-column\"><div class=\"fusion-text fusion-text-2\" style=\"--awb-font-size:20px;--awb-text-transform:none;\"><p>Sjekk ut hvordan noen av v\u00e5re kunder bruker Zensy for \u00e5 f\u00e5 kontroll p\u00e5 takrennene.<\/p>\n<\/div><\/div><\/div><\/div><\/div><div class=\"fusion-fullwidth fullwidth-box fusion-builder-row-2 fusion-flex-container hundred-percent-fullwidth non-hundred-percent-height-scrolling\" style=\"--awb-border-radius-top-left:0px;--awb-border-radius-top-right:0px;--awb-border-radius-bottom-right:0px;--awb-border-radius-bottom-left:0px;--awb-padding-right:5vw;--awb-padding-left:5vw;--awb-flex-wrap:wrap;\" ><div class=\"fusion-builder-row fusion-row fusion-flex-align-items-flex-start fusion-flex-content-wrap\" style=\"width:104% !important;max-width:104% !important;margin-left: calc(-4% \/ 2 );margin-right: calc(-4% \/ 2 );\"><div class=\"fusion-layout-column fusion_builder_column fusion-builder-column-2 fusion_builder_column_1_1 1_1 fusion-flex-column\" style=\"--awb-bg-size:cover;--awb-width-large:100%;--awb-margin-top-large:0px;--awb-spacing-right-large:1.92%;--awb-margin-bottom-large:0px;--awb-spacing-left-large:1.92%;--awb-width-medium:100%;--awb-order-medium:0;--awb-spacing-right-medium:1.92%;--awb-spacing-left-medium:1.92%;--awb-width-small:100%;--awb-order-small:0;--awb-spacing-right-small:1.92%;--awb-spacing-left-small:1.92%;\"><div class=\"fusion-column-wrapper fusion-column-has-shadow fusion-flex-justify-content-flex-start fusion-content-layout-column\"><div class=\"fusion-post-cards fusion-post-cards-1 fusion-delayed-animation fusion-grid-archive fusion-grid-columns-3\" style=\"--awb-column-spacing:70px;--awb-columns:3;--awb-row-spacing:80px;\" data-animationtype=\"fadeInUp\" data-animationduration=\"0.9\" data-animationoffset=\"top-into-view\" data-animation-delay=\"0.3\"><ul class=\"fusion-grid fusion-grid-3 fusion-flex-align-items-flex-start fusion-grid-posts-cards\"><li class=\"fusion-layout-column fusion_builder_column fusion-builder-column-3 fusion-flex-column post-card fusion-grid-column fusion-post-cards-grid-column fusion-animated\" style=\"--awb-bg-blend:overlay;--awb-bg-size:cover;\"><div class=\"fusion-column-wrapper fusion-column-has-shadow fusion-flex-justify-content-flex-start fusion-content-layout-column\"><div class=\"fusion-classic-product-image-wrapper fusion-woo-product-image fusion-post-card-image fusion-post-card-image-1\" data-layout=\"static\" style=\"--awb-margin-bottom:40px;--awb-border-radius-top-left:8px;--awb-border-radius-top-right:8px;--awb-border-radius-bottom-right:8px;--awb-border-radius-bottom-left:8px;\"><div  class=\"fusion-image-wrapper\" aria-haspopup=\"true\">\n\t\t\t\t\t\t\t<a href=\"https:\/\/zensy.io\/nb\/portfolio-items\/skadealliansen-bergen\/\" aria-label=\"Skadealliansen Bergen\">\n\t\t\t\t\t\t\t<img decoding=\"async\" width=\"2560\" height=\"1707\" src=\"https:\/\/zensy.io\/wp-content\/uploads\/mao-yuqing-15_sm282qAE-unsplash-scaled.jpg\" class=\"attachment-full size-full lazyload wp-post-image\" alt=\"\" srcset=\"data:image\/svg+xml,%3Csvg%20xmlns%3D%27http%3A%2F%2Fwww.w3.org%2F2000%2Fsvg%27%20width%3D%272560%27%20height%3D%271707%27%20viewBox%3D%270%200%202560%201707%27%3E%3Crect%20width%3D%272560%27%20height%3D%271707%27%20fill-opacity%3D%220%22%2F%3E%3C%2Fsvg%3E\" data-orig-src=\"https:\/\/zensy.io\/wp-content\/uploads\/mao-yuqing-15_sm282qAE-unsplash-scaled.jpg\" data-srcset=\"https:\/\/zensy.io\/wp-content\/uploads\/mao-yuqing-15_sm282qAE-unsplash-200x133.jpg 200w, https:\/\/zensy.io\/wp-content\/uploads\/mao-yuqing-15_sm282qAE-unsplash-400x267.jpg 400w, https:\/\/zensy.io\/wp-content\/uploads\/mao-yuqing-15_sm282qAE-unsplash-600x400.jpg 600w, https:\/\/zensy.io\/wp-content\/uploads\/mao-yuqing-15_sm282qAE-unsplash-800x533.jpg 800w, https:\/\/zensy.io\/wp-content\/uploads\/mao-yuqing-15_sm282qAE-unsplash-1200x800.jpg 1200w, https:\/\/zensy.io\/wp-content\/uploads\/mao-yuqing-15_sm282qAE-unsplash-scaled.jpg 2560w\" data-sizes=\"auto\" \/>\t\t\t<\/a>\n\t\t\t\t\t\t\t<\/div>\n<\/div><div class=\"fusion-title title fusion-title-3 fusion-sep-none fusion-title-center fusion-title-text fusion-title-size-two\" style=\"--awb-margin-top:0px;--awb-margin-bottom:10px;--awb-link-color:var(--awb-color8);--awb-font-size:19px;\"><h2 class=\"fusion-title-heading title-heading-center\" style=\"font-family:var(--awb-custom_typography_1-font-family);font-weight:var(--awb-custom_typography_1-font-weight);font-style:var(--awb-custom_typography_1-font-style);margin:0;font-size:1em;letter-spacing:var(--awb-custom_typography_1-letter-spacing);text-transform:var(--awb-custom_typography_1-text-transform);line-height:var(--awb-custom_typography_1-line-height);\"><a href=\"https:\/\/zensy.io\/nb\/portfolio-items\/skadealliansen-bergen\/\" class=\"awb-custom-text-color awb-custom-text-hover-color\" target=\"_self\">Skadealliansen Bergen<\/a><\/h2><\/div><div class=\"fusion-text fusion-text-3 fusion-text-no-margin\" style=\"--awb-content-alignment:center;--awb-font-size:16px;\"><p><a href=\"https:\/\/zensy.io\/nb\/project\/real-estate-management\/\" title=\"Eiendomsdrift\">Eiendomsdrift<\/a><\/p>\n<\/div><\/div><\/li>\n<li class=\"fusion-layout-column fusion_builder_column fusion-builder-column-4 fusion-flex-column post-card fusion-grid-column fusion-post-cards-grid-column fusion-animated\" style=\"--awb-bg-blend:overlay;--awb-bg-size:cover;\"><div class=\"fusion-column-wrapper fusion-column-has-shadow fusion-flex-justify-content-flex-start fusion-content-layout-column\"><div class=\"fusion-classic-product-image-wrapper fusion-woo-product-image fusion-post-card-image fusion-post-card-image-1\" data-layout=\"static\" style=\"--awb-margin-bottom:40px;--awb-border-radius-top-left:8px;--awb-border-radius-top-right:8px;--awb-border-radius-bottom-right:8px;--awb-border-radius-bottom-left:8px;\"><div  class=\"fusion-image-wrapper\" aria-haspopup=\"true\">\n\t\t\t\t\t\t\t<a href=\"https:\/\/zensy.io\/nb\/portfolio-items\/rumas\/\" aria-label=\"Rent Utemilj\u00f8 AS\">\n\t\t\t\t\t\t\t<img decoding=\"async\" width=\"1080\" height=\"951\" src=\"https:\/\/zensy.io\/wp-content\/uploads\/rumas_cover.png\" class=\"attachment-full size-full lazyload wp-post-image\" alt=\"\" srcset=\"data:image\/svg+xml,%3Csvg%20xmlns%3D%27http%3A%2F%2Fwww.w3.org%2F2000%2Fsvg%27%20width%3D%271080%27%20height%3D%27951%27%20viewBox%3D%270%200%201080%20951%27%3E%3Crect%20width%3D%271080%27%20height%3D%27951%27%20fill-opacity%3D%220%22%2F%3E%3C%2Fsvg%3E\" data-orig-src=\"https:\/\/zensy.io\/wp-content\/uploads\/rumas_cover.png\" data-srcset=\"https:\/\/zensy.io\/wp-content\/uploads\/rumas_cover-200x176.png 200w, https:\/\/zensy.io\/wp-content\/uploads\/rumas_cover-400x352.png 400w, https:\/\/zensy.io\/wp-content\/uploads\/rumas_cover-600x528.png 600w, https:\/\/zensy.io\/wp-content\/uploads\/rumas_cover-800x704.png 800w, https:\/\/zensy.io\/wp-content\/uploads\/rumas_cover.png 1080w\" data-sizes=\"auto\" \/>\t\t\t<\/a>\n\t\t\t\t\t\t\t<\/div>\n<\/div><div class=\"fusion-title title fusion-title-4 fusion-sep-none fusion-title-center fusion-title-text fusion-title-size-two\" style=\"--awb-margin-top:0px;--awb-margin-bottom:10px;--awb-link-color:var(--awb-color8);--awb-font-size:19px;\"><h2 class=\"fusion-title-heading title-heading-center\" style=\"font-family:var(--awb-custom_typography_1-font-family);font-weight:var(--awb-custom_typography_1-font-weight);font-style:var(--awb-custom_typography_1-font-style);margin:0;font-size:1em;letter-spacing:var(--awb-custom_typography_1-letter-spacing);text-transform:var(--awb-custom_typography_1-text-transform);line-height:var(--awb-custom_typography_1-line-height);\"><a href=\"https:\/\/zensy.io\/nb\/portfolio-items\/rumas\/\" class=\"awb-custom-text-color awb-custom-text-hover-color\" target=\"_self\">Rent Utemilj\u00f8 AS<\/a><\/h2><\/div><div class=\"fusion-text fusion-text-4 fusion-text-no-margin\" style=\"--awb-content-alignment:center;--awb-font-size:16px;\"><p><a href=\"https:\/\/zensy.io\/nb\/project\/special-cleaning\/\" title=\"Spesialrenhold\">Spesialrenhold<\/a><\/p>\n<\/div><\/div><\/li>\n<\/ul><\/div><\/div><\/div><\/div><\/div><\/p>","protected":false},"excerpt":{"rendered":"","protected":false},"author":1,"featured_media":0,"parent":0,"menu_order":0,"comment_status":"closed","ping_status":"closed","template":"100-width.php","meta":{"content-type":"","footnotes":""},"class_list":["post-620","page","type-page","status-publish","hentry"],"yoast_head":"<!-- This site is optimized with the Yoast SEO plugin v22.8 - https:\/\/yoast.com\/wordpress\/plugins\/seo\/ -->\n<title>Pilot Projects - Zensy<\/title>\n<meta name=\"robots\" content=\"index, follow, max-snippet:-1, max-image-preview:large, max-video-preview:-1\" \/>\n<link rel=\"canonical\" href=\"https:\/\/zensy.io\/nb\/pilot-projects\/\" \/>\n<meta property=\"og:locale\" content=\"nb_NO\" \/>\n<meta property=\"og:type\" content=\"article\" \/>\n<meta property=\"og:title\" content=\"Pilot Projects - Zensy\" \/>\n<meta property=\"og:url\" content=\"https:\/\/zensy.io\/nb\/pilot-projects\/\" \/>\n<meta property=\"og:site_name\" content=\"Zensy\" \/>\n<meta property=\"article:modified_time\" content=\"2022-04-05T15:32:44+00:00\" \/>\n<meta name=\"twitter:card\" content=\"summary_large_image\" \/>\n<meta name=\"twitter:label1\" content=\"Ansl. lesetid\" \/>\n\t<meta name=\"twitter:data1\" content=\"9 minutter\" \/>\n<script type=\"application\/ld+json\" class=\"yoast-schema-graph\">{\"@context\":\"https:\/\/schema.org\",\"@graph\":[{\"@type\":\"WebPage\",\"@id\":\"https:\/\/zensy.io\/pilot-projects\/\",\"url\":\"https:\/\/zensy.io\/pilot-projects\/\",\"name\":\"Pilot Projects - Zensy\",\"isPartOf\":{\"@id\":\"https:\/\/zensy.io\/#website\"},\"datePublished\":\"2021-04-15T15:13:15+00:00\",\"dateModified\":\"2022-04-05T15:32:44+00:00\",\"breadcrumb\":{\"@id\":\"https:\/\/zensy.io\/pilot-projects\/#breadcrumb\"},\"inLanguage\":\"nb-NO\",\"potentialAction\":[{\"@type\":\"ReadAction\",\"target\":[\"https:\/\/zensy.io\/pilot-projects\/\"]}]},{\"@type\":\"BreadcrumbList\",\"@id\":\"https:\/\/zensy.io\/pilot-projects\/#breadcrumb\",\"itemListElement\":[{\"@type\":\"ListItem\",\"position\":1,\"name\":\"Hjem\",\"item\":\"https:\/\/zensy.io\/\"},{\"@type\":\"ListItem\",\"position\":2,\"name\":\"Pilot Projects\"}]},{\"@type\":\"WebSite\",\"@id\":\"https:\/\/zensy.io\/#website\",\"url\":\"https:\/\/zensy.io\/\",\"name\":\"Zensy\",\"description\":\"Avoid water damage and dangerous icicles by making gutters smart\",\"publisher\":{\"@id\":\"https:\/\/zensy.io\/#organization\"},\"potentialAction\":[{\"@type\":\"SearchAction\",\"target\":{\"@type\":\"EntryPoint\",\"urlTemplate\":\"https:\/\/zensy.io\/?s={search_term_string}\"},\"query-input\":\"required name=search_term_string\"}],\"inLanguage\":\"nb-NO\"},{\"@type\":\"Organization\",\"@id\":\"https:\/\/zensy.io\/#organization\",\"name\":\"Zensy\",\"url\":\"https:\/\/zensy.io\/\",\"logo\":{\"@type\":\"ImageObject\",\"inLanguage\":\"nb-NO\",\"@id\":\"https:\/\/zensy.io\/#\/schema\/logo\/image\/\",\"url\":\"https:\/\/zensy.io\/wp-content\/uploads\/zensy_logo_tm.png\",\"contentUrl\":\"https:\/\/zensy.io\/wp-content\/uploads\/zensy_logo_tm.png\",\"width\":389,\"height\":141,\"caption\":\"Zensy\"},\"image\":{\"@id\":\"https:\/\/zensy.io\/#\/schema\/logo\/image\/\"},\"sameAs\":[\"https:\/\/www.linkedin.com\/company\/zensy\/\"]}]}<\/script>\n<!-- \/ Yoast SEO plugin. -->","yoast_head_json":{"title":"Pilot Projects - Zensy","robots":{"index":"index","follow":"follow","max-snippet":"max-snippet:-1","max-image-preview":"max-image-preview:large","max-video-preview":"max-video-preview:-1"},"canonical":"https:\/\/zensy.io\/nb\/pilot-projects\/","og_locale":"nb_NO","og_type":"article","og_title":"Pilot Projects - Zensy","og_url":"https:\/\/zensy.io\/nb\/pilot-projects\/","og_site_name":"Zensy","article_modified_time":"2022-04-05T15:32:44+00:00","twitter_card":"summary_large_image","twitter_misc":{"Ansl. lesetid":"9 minutter"},"schema":{"@context":"https:\/\/schema.org","@graph":[{"@type":"WebPage","@id":"https:\/\/zensy.io\/pilot-projects\/","url":"https:\/\/zensy.io\/pilot-projects\/","name":"Pilot Projects - Zensy","isPartOf":{"@id":"https:\/\/zensy.io\/#website"},"datePublished":"2021-04-15T15:13:15+00:00","dateModified":"2022-04-05T15:32:44+00:00","breadcrumb":{"@id":"https:\/\/zensy.io\/pilot-projects\/#breadcrumb"},"inLanguage":"nb-NO","potentialAction":[{"@type":"ReadAction","target":["https:\/\/zensy.io\/pilot-projects\/"]}]},{"@type":"BreadcrumbList","@id":"https:\/\/zensy.io\/pilot-projects\/#breadcrumb","itemListElement":[{"@type":"ListItem","position":1,"name":"Hjem","item":"https:\/\/zensy.io\/"},{"@type":"ListItem","position":2,"name":"Pilot Projects"}]},{"@type":"WebSite","@id":"https:\/\/zensy.io\/#website","url":"https:\/\/zensy.io\/","name":"Zensy","description":"Avoid water damage and dangerous icicles by making gutters smart","publisher":{"@id":"https:\/\/zensy.io\/#organization"},"potentialAction":[{"@type":"SearchAction","target":{"@type":"EntryPoint","urlTemplate":"https:\/\/zensy.io\/?s={search_term_string}"},"query-input":"required name=search_term_string"}],"inLanguage":"nb-NO"},{"@type":"Organization","@id":"https:\/\/zensy.io\/#organization","name":"Zensy","url":"https:\/\/zensy.io\/","logo":{"@type":"ImageObject","inLanguage":"nb-NO","@id":"https:\/\/zensy.io\/#\/schema\/logo\/image\/","url":"https:\/\/zensy.io\/wp-content\/uploads\/zensy_logo_tm.png","contentUrl":"https:\/\/zensy.io\/wp-content\/uploads\/zensy_logo_tm.png","width":389,"height":141,"caption":"Zensy"},"image":{"@id":"https:\/\/zensy.io\/#\/schema\/logo\/image\/"},"sameAs":["https:\/\/www.linkedin.com\/company\/zensy\/"]}]}},"_links":{"self":[{"href":"https:\/\/zensy.io\/nb\/wp-json\/wp\/v2\/pages\/620","targetHints":{"allow":["GET"]}}],"collection":[{"href":"https:\/\/zensy.io\/nb\/wp-json\/wp\/v2\/pages"}],"about":[{"href":"https:\/\/zensy.io\/nb\/wp-json\/wp\/v2\/types\/page"}],"author":[{"embeddable":true,"href":"https:\/\/zensy.io\/nb\/wp-json\/wp\/v2\/users\/1"}],"replies":[{"embeddable":true,"href":"https:\/\/zensy.io\/nb\/wp-json\/wp\/v2\/comments?post=620"}],"version-history":[{"count":0,"href":"https:\/\/zensy.io\/nb\/wp-json\/wp\/v2\/pages\/620\/revisions"}],"wp:attachment":[{"href":"https:\/\/zensy.io\/nb\/wp-json\/wp\/v2\/media?parent=620"}],"curies":[{"name":"wp","href":"https:\/\/api.w.org\/{rel}","templated":true}]}}